{"id":545,"date":"2020-06-21T19:25:38","date_gmt":"2020-06-21T19:25:38","guid":{"rendered":"https:\/\/agros.com.br\/?page_id=545"},"modified":"2020-06-22T00:00:03","modified_gmt":"2020-06-22T00:00:03","slug":"normas-e-classificacoes","status":"publish","type":"page","link":"https:\/\/agros.com.br\/en\/normas-e-classificacoes\/","title":{"rendered":"Normas e Classifica\u00e7\u00f5es"},"content":{"rendered":"<ul>\n<li><a href=\"https:\/\/agros.com.br\/wp-content\/uploads\/2020\/06\/manga.pdf\">Manga<\/a><\/li>\n<li><a href=\"https:\/\/agros.com.br\/wp-content\/uploads\/2020\/06\/maracuja.pdf\">Maracuj\u00e1<\/a><\/li>\n<li><a href=\"https:\/\/agros.com.br\/wp-content\/uploads\/2020\/06\/melancia.pdf\">Melancia<\/a><\/li>\n<li><a href=\"https:\/\/agros.com.br\/wp-content\/uploads\/2020\/06\/melao.pdf\">Mel\u00e3o<\/a><\/li>\n<li><a href=\"https:\/\/agros.com.br\/wp-content\/uploads\/2020\/06\/morango.pdf\">Morango<\/a><\/li>\n<li><a href=\"https:\/\/agros.com.br\/wp-content\/uploads\/2020\/06\/pessego.pdf\">P\u00eassego<\/a><\/li>\n<li><a href=\"https:\/\/agros.com.br\/wp-content\/uploads\/2020\/06\/uva_fina.pdf\">Uva fina<\/a><\/li>\n<li><a href=\"https:\/\/agros.com.br\/wp-content\/uploads\/2020\/06\/abacaxi.pdf\">Abacaxi<\/a><\/li>\n<li><a href=\"https:\/\/agros.com.br\/wp-content\/uploads\/2020\/06\/banana.pdf\">Banana<\/a><\/li>\n<li><a href=\"https:\/\/agros.com.br\/wp-content\/uploads\/2020\/06\/citros.pdf\">Citros<\/a><\/li>\n<li><a href=\"https:\/\/agros.com.br\/wp-content\/uploads\/2020\/06\/goiaba.pdf\">Goiaba<\/a><\/li>\n<li><a href=\"https:\/\/agros.com.br\/wp-content\/uploads\/2020\/06\/mamao.pdf\">Mam\u00e3o<\/a><\/li>\n<\/ul>\n","protected":false},"excerpt":{"rendered":"<p>Manga Maracuj\u00e1 Melancia Mel\u00e3o Morango P\u00eassego Uva fina Abacaxi Banana Citros Goiaba Mam\u00e3o<\/p>\n","protected":false},"author":3,"featured_media":0,"parent":0,"menu_order":0,"comment_status":"closed","ping_status":"closed","template":"","meta":{"footnotes":""},"_links":{"self":[{"href":"https:\/\/agros.com.br\/en\/wp-json\/wp\/v2\/pages\/545"}],"collection":[{"href":"https:\/\/agros.com.br\/en\/wp-json\/wp\/v2\/pages"}],"about":[{"href":"https:\/\/agros.com.br\/en\/wp-json\/wp\/v2\/types\/page"}],"author":[{"embeddable":true,"href":"https:\/\/agros.com.br\/en\/wp-json\/wp\/v2\/users\/3"}],"replies":[{"embeddable":true,"href":"https:\/\/agros.com.br\/en\/wp-json\/wp\/v2\/comments?post=545"}],"version-history":[{"count":6,"href":"https:\/\/agros.com.br\/en\/wp-json\/wp\/v2\/pages\/545\/revisions"}],"predecessor-version":[{"id":1038,"href":"https:\/\/agros.com.br\/en\/wp-json\/wp\/v2\/pages\/545\/revisions\/1038"}],"wp:attachment":[{"href":"https:\/\/agros.com.br\/en\/wp-json\/wp\/v2\/media?parent=545"}],"curies":[{"name":"wp","href":"https:\/\/api.w.org\/{rel}","templated":true}]}}